{"id":614,"date":"2024-02-09T10:51:12","date_gmt":"2024-02-09T10:51:12","guid":{"rendered":"https:\/\/startersites.io\/elementor\/smile-dent\/?page_id=565"},"modified":"2025-03-14T09:16:38","modified_gmt":"2025-03-14T08:16:38","slug":"home","status":"publish","type":"page","link":"https:\/\/drogarozwoju.com\/","title":{"rendered":"Strona G\u0142\u00f3wna"},"content":{"rendered":"\t\t<div data-elementor-type=\"wp-page\" data-elementor-id=\"614\" class=\"elementor elementor-614\">\n\t\t\t\t<div class=\"elementor-element elementor-element-94880d6 e-flex e-con-boxed e-con e-parent\" data-id=\"94880d6\" data-element_type=\"container\">\n\t\t\t\t\t<div class=\"e-con-inner\">\n\t\t<div class=\"elementor-element elementor-element-22d4f45 e-flex e-con-boxed e-con e-child\" data-id=\"22d4f45\" data-element_type=\"container\" data-settings=\"{&quot;background_background&quot;:&quot;classic&quot;}\">\n\t\t\t\t\t<div class=\"e-con-inner\">\n\t\t<div class=\"elementor-element elementor-element-db8d53a e-con-full e-flex e-con e-child\" data-id=\"db8d53a\" data-element_type=\"container\">\n\t\t\t\t<div class=\"elementor-element elementor-element-e68bb67 elementor-widget elementor-widget-heading\" data-id=\"e68bb67\" data-element_type=\"widget\" data-widget_type=\"heading.default\">\n\t\t\t\t<div class=\"elementor-widget-container\">\n\t\t\t\t\t<h2 class=\"elementor-heading-title elementor-size-default\">\u201eWszystko wydaje si\u0119 trudne, zanim\nstanie si\u0119 \u0142atwe.\u201d<\/h2>\t\t\t\t<\/div>\n\t\t\t\t<\/div>\n\t\t\t\t<div class=\"elementor-element elementor-element-0693237 elementor-widget elementor-widget-text-editor\" data-id=\"0693237\" data-element_type=\"widget\" data-widget_type=\"text-editor.default\">\n\t\t\t\t<div class=\"elementor-widget-container\">\n\t\t\t\t\t\t\t\t\t<p>Odkryj swoj\u0105 drog\u0119 z profesjonalnym wsparciem mentora zawodowego i coacha kariery.<\/p>\t\t\t\t\t\t\t\t<\/div>\n\t\t\t\t<\/div>\n\t\t\t\t<\/div>\n\t\t<div class=\"elementor-element elementor-element-2921719 e-con-full e-flex e-con e-child\" data-id=\"2921719\" data-element_type=\"container\">\n\t\t\t\t<div class=\"elementor-element elementor-element-6053556 elementor-widget elementor-widget-image\" data-id=\"6053556\" data-element_type=\"widget\" data-widget_type=\"image.default\">\n\t\t\t\t<div class=\"elementor-widget-container\">\n\t\t\t\t\t\t\t\t\t\t\t\t\t\t\t<img fetchpriority=\"high\" decoding=\"async\" width=\"768\" height=\"695\" src=\"http:\/\/drogarozwoju.com\/wp-content\/uploads\/2025\/01\/Projekt-bez-nazwy-27-1_transparent-768x695.png\" class=\"attachment-medium_large size-medium_large wp-image-1481\" alt=\"\" srcset=\"http:\/\/drogarozwoju.com\/wp-content\/uploads\/2025\/01\/Projekt-bez-nazwy-27-1_transparent-768x695.png 768w, http:\/\/drogarozwoju.com\/wp-content\/uploads\/2025\/01\/Projekt-bez-nazwy-27-1_transparent-300x271.png 300w, http:\/\/drogarozwoju.com\/wp-content\/uploads\/2025\/01\/Projekt-bez-nazwy-27-1_transparent-1024x926.png 1024w, http:\/\/drogarozwoju.com\/wp-content\/uploads\/2025\/01\/Projekt-bez-nazwy-27-1_transparent-1536x1390.png 1536w, http:\/\/drogarozwoju.com\/wp-content\/uploads\/2025\/01\/Projekt-bez-nazwy-27-1_transparent.png 1680w\" sizes=\"(max-width: 768px) 100vw, 768px\" \/>\t\t\t\t\t\t\t\t\t\t\t\t\t\t\t<\/div>\n\t\t\t\t<\/div>\n\t\t\t\t<\/div>\n\t\t\t\t\t<\/div>\n\t\t\t\t<\/div>\n\t\t<div class=\"elementor-element elementor-element-28bbf72 e-grid e-con-full e-con e-child\" data-id=\"28bbf72\" data-element_type=\"container\" data-settings=\"{&quot;background_background&quot;:&quot;classic&quot;}\">\n\t\t\t\t<\/div>\n\t\t\t\t\t<\/div>\n\t\t\t\t<\/div>\n\t\t<div class=\"elementor-element elementor-element-cfbeca9 e-flex e-con-boxed e-con e-parent\" data-id=\"cfbeca9\" data-element_type=\"container\">\n\t\t\t\t\t<div class=\"e-con-inner\">\n\t\t\t\t\t<\/div>\n\t\t\t\t<\/div>\n\t\t<div class=\"elementor-element elementor-element-09f0554 e-flex e-con-boxed e-con e-parent\" data-id=\"09f0554\" data-element_type=\"container\">\n\t\t\t\t\t<div class=\"e-con-inner\">\n\t\t\t\t<div class=\"elementor-element elementor-element-0eb781a elementor-widget elementor-widget-heading\" data-id=\"0eb781a\" data-element_type=\"widget\" data-widget_type=\"heading.default\">\n\t\t\t\t<div class=\"elementor-widget-container\">\n\t\t\t\t\t<h2 class=\"elementor-heading-title elementor-size-default\">Kiedy warto skorzysta\u0107 z coachingu?<\/h2>\t\t\t\t<\/div>\n\t\t\t\t<\/div>\n\t\t\t\t\t<\/div>\n\t\t\t\t<\/div>\n\t\t<div class=\"elementor-element elementor-element-ae46538 e-flex e-con-boxed e-con e-parent\" data-id=\"ae46538\" data-element_type=\"container\">\n\t\t\t\t\t<div class=\"e-con-inner\">\n\t\t<div class=\"elementor-element elementor-element-07b1764 e-flex e-con-boxed e-con e-child\" data-id=\"07b1764\" data-element_type=\"container\" data-settings=\"{&quot;background_background&quot;:&quot;classic&quot;}\">\n\t\t\t\t\t<div class=\"e-con-inner\">\n\t\t\t\t<div class=\"elementor-element elementor-element-5b1eb5e elementor-view-default elementor-widget elementor-widget-icon\" data-id=\"5b1eb5e\" data-element_type=\"widget\" data-widget_type=\"icon.default\">\n\t\t\t\t<div class=\"elementor-widget-container\">\n\t\t\t\t\t\t\t<div class=\"elementor-icon-wrapper\">\n\t\t\t<div class=\"elementor-icon\">\n\t\t\t<svg aria-hidden=\"true\" class=\"e-font-icon-svg e-far-chart-bar\" viewBox=\"0 0 512 512\" xmlns=\"http:\/\/www.w3.org\/2000\/svg\"><path d=\"M396.8 352h22.4c6.4 0 12.8-6.4 12.8-12.8V108.8c0-6.4-6.4-12.8-12.8-12.8h-22.4c-6.4 0-12.8 6.4-12.8 12.8v230.4c0 6.4 6.4 12.8 12.8 12.8zm-192 0h22.4c6.4 0 12.8-6.4 12.8-12.8V140.8c0-6.4-6.4-12.8-12.8-12.8h-22.4c-6.4 0-12.8 6.4-12.8 12.8v198.4c0 6.4 6.4 12.8 12.8 12.8zm96 0h22.4c6.4 0 12.8-6.4 12.8-12.8V204.8c0-6.4-6.4-12.8-12.8-12.8h-22.4c-6.4 0-12.8 6.4-12.8 12.8v134.4c0 6.4 6.4 12.8 12.8 12.8zM496 400H48V80c0-8.84-7.16-16-16-16H16C7.16 64 0 71.16 0 80v336c0 17.67 14.33 32 32 32h464c8.84 0 16-7.16 16-16v-16c0-8.84-7.16-16-16-16zm-387.2-48h22.4c6.4 0 12.8-6.4 12.8-12.8v-70.4c0-6.4-6.4-12.8-12.8-12.8h-22.4c-6.4 0-12.8 6.4-12.8 12.8v70.4c0 6.4 6.4 12.8 12.8 12.8z\"><\/path><\/svg>\t\t\t<\/div>\n\t\t<\/div>\n\t\t\t\t\t\t<\/div>\n\t\t\t\t<\/div>\n\t\t\t\t<div class=\"elementor-element elementor-element-1632a51 elementor-widget elementor-widget-heading\" data-id=\"1632a51\" data-element_type=\"widget\" data-widget_type=\"heading.default\">\n\t\t\t\t<div class=\"elementor-widget-container\">\n\t\t\t\t\t<h3 class=\"elementor-heading-title elementor-size-default\">1<\/h3>\t\t\t\t<\/div>\n\t\t\t\t<\/div>\n\t\t\t\t<div class=\"elementor-element elementor-element-c280926 elementor-widget elementor-widget-text-editor\" data-id=\"c280926\" data-element_type=\"widget\" data-widget_type=\"text-editor.default\">\n\t\t\t\t<div class=\"elementor-widget-container\">\n\t\t\t\t\t\t\t\t\t<p>Kiedy planujesz dokona\u0107 w \u017cyciu osobistym lub zawodowym zmian, ale nie wiesz jeszcze dok\u0142adnie jakich.<\/p>\t\t\t\t\t\t\t\t<\/div>\n\t\t\t\t<\/div>\n\t\t\t\t\t<\/div>\n\t\t\t\t<\/div>\n\t\t<div class=\"elementor-element elementor-element-4dfc771 e-flex e-con-boxed e-con e-child\" data-id=\"4dfc771\" data-element_type=\"container\" data-settings=\"{&quot;background_background&quot;:&quot;classic&quot;}\">\n\t\t\t\t\t<div class=\"e-con-inner\">\n\t\t\t\t<div class=\"elementor-element elementor-element-b96aeb5 elementor-view-default elementor-widget elementor-widget-icon\" data-id=\"b96aeb5\" data-element_type=\"widget\" data-widget_type=\"icon.default\">\n\t\t\t\t<div class=\"elementor-widget-container\">\n\t\t\t\t\t\t\t<div class=\"elementor-icon-wrapper\">\n\t\t\t<div class=\"elementor-icon\">\n\t\t\t<svg aria-hidden=\"true\" class=\"e-font-icon-svg e-far-paper-plane\" viewBox=\"0 0 512 512\" xmlns=\"http:\/\/www.w3.org\/2000\/svg\"><path d=\"M440 6.5L24 246.4c-34.4 19.9-31.1 70.8 5.7 85.9L144 379.6V464c0 46.4 59.2 65.5 86.6 28.6l43.8-59.1 111.9 46.2c5.9 2.4 12.1 3.6 18.3 3.6 8.2 0 16.3-2.1 23.6-6.2 12.8-7.2 21.6-20 23.9-34.5l59.4-387.2c6.1-40.1-36.9-68.8-71.5-48.9zM192 464v-64.6l36.6 15.1L192 464zm212.6-28.7l-153.8-63.5L391 169.5c10.7-15.5-9.5-33.5-23.7-21.2L155.8 332.6 48 288 464 48l-59.4 387.3z\"><\/path><\/svg>\t\t\t<\/div>\n\t\t<\/div>\n\t\t\t\t\t\t<\/div>\n\t\t\t\t<\/div>\n\t\t\t\t<div class=\"elementor-element elementor-element-b6dca3c elementor-widget elementor-widget-heading\" data-id=\"b6dca3c\" data-element_type=\"widget\" data-widget_type=\"heading.default\">\n\t\t\t\t<div class=\"elementor-widget-container\">\n\t\t\t\t\t<h3 class=\"elementor-heading-title elementor-size-default\">2\n<\/h3>\t\t\t\t<\/div>\n\t\t\t\t<\/div>\n\t\t\t\t<div class=\"elementor-element elementor-element-c299797 elementor-widget elementor-widget-text-editor\" data-id=\"c299797\" data-element_type=\"widget\" data-widget_type=\"text-editor.default\">\n\t\t\t\t<div class=\"elementor-widget-container\">\n\t\t\t\t\t\t\t\t\t<p>Wiesz ju\u017c jakie zmiany chcesz wprowadza\u0107, ale nie wiesz, jak si\u0119 za nie zabra\u0107.<\/p>\t\t\t\t\t\t\t\t<\/div>\n\t\t\t\t<\/div>\n\t\t\t\t\t<\/div>\n\t\t\t\t<\/div>\n\t\t<div class=\"elementor-element elementor-element-4604ad7 e-flex e-con-boxed e-con e-child\" data-id=\"4604ad7\" data-element_type=\"container\" data-settings=\"{&quot;background_background&quot;:&quot;classic&quot;}\">\n\t\t\t\t\t<div class=\"e-con-inner\">\n\t\t\t\t<div class=\"elementor-element elementor-element-1eca32d elementor-view-default elementor-widget elementor-widget-icon\" data-id=\"1eca32d\" data-element_type=\"widget\" data-widget_type=\"icon.default\">\n\t\t\t\t<div class=\"elementor-widget-container\">\n\t\t\t\t\t\t\t<div class=\"elementor-icon-wrapper\">\n\t\t\t<div class=\"elementor-icon\">\n\t\t\t<svg aria-hidden=\"true\" class=\"e-font-icon-svg e-fas-head-side-virus\" viewBox=\"0 0 512 512\" xmlns=\"http:\/\/www.w3.org\/2000\/svg\"><path d=\"M272,240a16,16,0,1,0,16,16A16,16,0,0,0,272,240Zm-64-64a16,16,0,1,0,16,16A16,16,0,0,0,208,176Zm301.2,99c-20.93-47.12-48.43-151.73-73.07-186.75A207.9,207.9,0,0,0,266.09,0H192C86,0,0,86,0,192A191.23,191.23,0,0,0,64,334.81V512H320V448h64a64,64,0,0,0,64-64V320H480A32,32,0,0,0,509.2,275ZM368,240H355.88c-28.51,0-42.79,34.47-22.63,54.63l8.58,8.57a16,16,0,1,1-22.63,22.63l-8.57-8.58C290.47,297.09,256,311.37,256,339.88V352a16,16,0,0,1-32,0V339.88c0-28.51-34.47-42.79-54.63-22.63l-8.57,8.58a16,16,0,0,1-22.63-22.63l8.58-8.57c20.16-20.16,5.88-54.63-22.63-54.63H112a16,16,0,0,1,0-32h12.12c28.51,0,42.79-34.47,22.63-54.63l-8.58-8.57a16,16,0,0,1,22.63-22.63l8.57,8.58c20.16,20.16,54.63,5.88,54.63-22.63V96a16,16,0,0,1,32,0v12.12c0,28.51,34.47,42.79,54.63,22.63l8.57-8.58a16,16,0,0,1,22.63,22.63l-8.58,8.57C313.09,173.53,327.37,208,355.88,208H368a16,16,0,0,1,0,32Z\"><\/path><\/svg>\t\t\t<\/div>\n\t\t<\/div>\n\t\t\t\t\t\t<\/div>\n\t\t\t\t<\/div>\n\t\t\t\t<div class=\"elementor-element elementor-element-599ca32 elementor-widget elementor-widget-heading\" data-id=\"599ca32\" data-element_type=\"widget\" data-widget_type=\"heading.default\">\n\t\t\t\t<div class=\"elementor-widget-container\">\n\t\t\t\t\t<h3 class=\"elementor-heading-title elementor-size-default\">3\n<\/h3>\t\t\t\t<\/div>\n\t\t\t\t<\/div>\n\t\t\t\t<div class=\"elementor-element elementor-element-8cbe505 elementor-widget elementor-widget-text-editor\" data-id=\"8cbe505\" data-element_type=\"widget\" data-widget_type=\"text-editor.default\">\n\t\t\t\t<div class=\"elementor-widget-container\">\n\t\t\t\t\t\t\t\t\t<p>Stoisz przed wa\u017cn\u0105 decyzj\u0105 i chcia\u0142by\u015b si\u0119 jej dok\u0142adnie przyjrze\u0107, zweryfikowa\u0107 zyski z niej p\u0142yn\u0105ce i konsekwencje, jakie b\u0119d\u0105 jej<br \/>nast\u0119pstwem.<\/p>\t\t\t\t\t\t\t\t<\/div>\n\t\t\t\t<\/div>\n\t\t\t\t\t<\/div>\n\t\t\t\t<\/div>\n\t\t\t\t\t<\/div>\n\t\t\t\t<\/div>\n\t\t<div class=\"elementor-element elementor-element-286ff1b e-flex e-con-boxed e-con e-parent\" data-id=\"286ff1b\" data-element_type=\"container\">\n\t\t\t\t\t<div class=\"e-con-inner\">\n\t\t<div class=\"elementor-element elementor-element-063a29a e-flex e-con-boxed e-con e-child\" data-id=\"063a29a\" data-element_type=\"container\" data-settings=\"{&quot;background_background&quot;:&quot;classic&quot;}\">\n\t\t\t\t\t<div class=\"e-con-inner\">\n\t\t\t\t<div class=\"elementor-element elementor-element-7d0f10a elementor-view-default elementor-widget elementor-widget-icon\" data-id=\"7d0f10a\" data-element_type=\"widget\" data-widget_type=\"icon.default\">\n\t\t\t\t<div class=\"elementor-widget-container\">\n\t\t\t\t\t\t\t<div class=\"elementor-icon-wrapper\">\n\t\t\t<div class=\"elementor-icon\">\n\t\t\t<svg aria-hidden=\"true\" class=\"e-font-icon-svg e-fas-mountain\" viewBox=\"0 0 640 512\" xmlns=\"http:\/\/www.w3.org\/2000\/svg\"><path d=\"M634.92 462.7l-288-448C341.03 5.54 330.89 0 320 0s-21.03 5.54-26.92 14.7l-288 448a32.001 32.001 0 0 0-1.17 32.64A32.004 32.004 0 0 0 32 512h576c11.71 0 22.48-6.39 28.09-16.67a31.983 31.983 0 0 0-1.17-32.63zM320 91.18L405.39 224H320l-64 64-38.06-38.06L320 91.18z\"><\/path><\/svg>\t\t\t<\/div>\n\t\t<\/div>\n\t\t\t\t\t\t<\/div>\n\t\t\t\t<\/div>\n\t\t\t\t<div class=\"elementor-element elementor-element-5b5f0c4 elementor-widget elementor-widget-heading\" data-id=\"5b5f0c4\" data-element_type=\"widget\" data-widget_type=\"heading.default\">\n\t\t\t\t<div class=\"elementor-widget-container\">\n\t\t\t\t\t<h3 class=\"elementor-heading-title elementor-size-default\">4\n<\/h3>\t\t\t\t<\/div>\n\t\t\t\t<\/div>\n\t\t\t\t<div class=\"elementor-element elementor-element-b4904f2 elementor-widget elementor-widget-text-editor\" data-id=\"b4904f2\" data-element_type=\"widget\" data-widget_type=\"text-editor.default\">\n\t\t\t\t<div class=\"elementor-widget-container\">\n\t\t\t\t\t\t\t\t\t<p>Potrzebujesz dotrze\u0107 do swoich zasob\u00f3w, aby mie\u0107 ich wystarczaj\u0105co du\u017co by przej\u015b\u0107 przez dan\u0105 sytuacj\u0119, wytrwa\u0107 w dzia\u0142aniu lub wykona\u0107 pierwszy odwa\u017cny krok<br \/>w jakim\u015b kierunku,<\/p>\t\t\t\t\t\t\t\t<\/div>\n\t\t\t\t<\/div>\n\t\t\t\t\t<\/div>\n\t\t\t\t<\/div>\n\t\t<div class=\"elementor-element elementor-element-ab6c9e8 e-flex e-con-boxed e-con e-child\" data-id=\"ab6c9e8\" data-element_type=\"container\" data-settings=\"{&quot;background_background&quot;:&quot;classic&quot;}\">\n\t\t\t\t\t<div class=\"e-con-inner\">\n\t\t\t\t<div class=\"elementor-element elementor-element-a8e6f96 elementor-view-default elementor-widget elementor-widget-icon\" data-id=\"a8e6f96\" data-element_type=\"widget\" data-widget_type=\"icon.default\">\n\t\t\t\t<div class=\"elementor-widget-container\">\n\t\t\t\t\t\t\t<div class=\"elementor-icon-wrapper\">\n\t\t\t<div class=\"elementor-icon\">\n\t\t\t<svg aria-hidden=\"true\" class=\"e-font-icon-svg e-fas-road\" viewBox=\"0 0 576 512\" xmlns=\"http:\/\/www.w3.org\/2000\/svg\"><path d=\"M573.19 402.67l-139.79-320C428.43 71.29 417.6 64 405.68 64h-97.59l2.45 23.16c.5 4.72-3.21 8.84-7.96 8.84h-29.16c-4.75 0-8.46-4.12-7.96-8.84L267.91 64h-97.59c-11.93 0-22.76 7.29-27.73 18.67L2.8 402.67C-6.45 423.86 8.31 448 30.54 448h196.84l10.31-97.68c.86-8.14 7.72-14.32 15.91-14.32h68.8c8.19 0 15.05 6.18 15.91 14.32L348.62 448h196.84c22.23 0 36.99-24.14 27.73-45.33zM260.4 135.16a8 8 0 0 1 7.96-7.16h39.29c4.09 0 7.53 3.09 7.96 7.16l4.6 43.58c.75 7.09-4.81 13.26-11.93 13.26h-40.54c-7.13 0-12.68-6.17-11.93-13.26l4.59-43.58zM315.64 304h-55.29c-9.5 0-16.91-8.23-15.91-17.68l5.07-48c.86-8.14 7.72-14.32 15.91-14.32h45.15c8.19 0 15.05 6.18 15.91 14.32l5.07 48c1 9.45-6.41 17.68-15.91 17.68z\"><\/path><\/svg>\t\t\t<\/div>\n\t\t<\/div>\n\t\t\t\t\t\t<\/div>\n\t\t\t\t<\/div>\n\t\t\t\t<div class=\"elementor-element elementor-element-0614f60 elementor-widget elementor-widget-heading\" data-id=\"0614f60\" data-element_type=\"widget\" data-widget_type=\"heading.default\">\n\t\t\t\t<div class=\"elementor-widget-container\">\n\t\t\t\t\t<h3 class=\"elementor-heading-title elementor-size-default\">5\n<\/h3>\t\t\t\t<\/div>\n\t\t\t\t<\/div>\n\t\t\t\t<div class=\"elementor-element elementor-element-fe1bb6a elementor-widget elementor-widget-text-editor\" data-id=\"fe1bb6a\" data-element_type=\"widget\" data-widget_type=\"text-editor.default\">\n\t\t\t\t<div class=\"elementor-widget-container\">\n\t\t\t\t\t\t\t\t\t<p>Wypr\u00f3bowa\u0142e\u015b ju\u017c wiele sposob\u00f3w na pod\u0105\u017canie do jakiego\u015b celu, ale nie<br \/>przynosz\u0105 one oczekiwanych efekt\u00f3w.<\/p>\t\t\t\t\t\t\t\t<\/div>\n\t\t\t\t<\/div>\n\t\t\t\t\t<\/div>\n\t\t\t\t<\/div>\n\t\t<div class=\"elementor-element elementor-element-da39904 e-flex e-con-boxed e-con e-child\" data-id=\"da39904\" data-element_type=\"container\" data-settings=\"{&quot;background_background&quot;:&quot;classic&quot;}\">\n\t\t\t\t\t<div class=\"e-con-inner\">\n\t\t\t\t<div class=\"elementor-element elementor-element-3155f42 elementor-view-default elementor-widget elementor-widget-icon\" data-id=\"3155f42\" data-element_type=\"widget\" data-widget_type=\"icon.default\">\n\t\t\t\t<div class=\"elementor-widget-container\">\n\t\t\t\t\t\t\t<div class=\"elementor-icon-wrapper\">\n\t\t\t<div class=\"elementor-icon\">\n\t\t\t<svg aria-hidden=\"true\" class=\"e-font-icon-svg e-far-calendar-check\" viewBox=\"0 0 448 512\" xmlns=\"http:\/\/www.w3.org\/2000\/svg\"><path d=\"M400 64h-48V12c0-6.627-5.373-12-12-12h-40c-6.627 0-12 5.373-12 12v52H160V12c0-6.627-5.373-12-12-12h-40c-6.627 0-12 5.373-12 12v52H48C21.49 64 0 85.49 0 112v352c0 26.51 21.49 48 48 48h352c26.51 0 48-21.49 48-48V112c0-26.51-21.49-48-48-48zm-6 400H54a6 6 0 0 1-6-6V160h352v298a6 6 0 0 1-6 6zm-52.849-200.65L198.842 404.519c-4.705 4.667-12.303 4.637-16.971-.068l-75.091-75.699c-4.667-4.705-4.637-12.303.068-16.971l22.719-22.536c4.705-4.667 12.303-4.637 16.97.069l44.104 44.461 111.072-110.181c4.705-4.667 12.303-4.637 16.971.068l22.536 22.718c4.667 4.705 4.636 12.303-.069 16.97z\"><\/path><\/svg>\t\t\t<\/div>\n\t\t<\/div>\n\t\t\t\t\t\t<\/div>\n\t\t\t\t<\/div>\n\t\t\t\t<div class=\"elementor-element elementor-element-c76bb65 elementor-widget elementor-widget-heading\" data-id=\"c76bb65\" data-element_type=\"widget\" data-widget_type=\"heading.default\">\n\t\t\t\t<div class=\"elementor-widget-container\">\n\t\t\t\t\t<h3 class=\"elementor-heading-title elementor-size-default\">6\n<\/h3>\t\t\t\t<\/div>\n\t\t\t\t<\/div>\n\t\t\t\t<div class=\"elementor-element elementor-element-0b76bff elementor-widget elementor-widget-text-editor\" data-id=\"0b76bff\" data-element_type=\"widget\" data-widget_type=\"text-editor.default\">\n\t\t\t\t<div class=\"elementor-widget-container\">\n\t\t\t\t\t\t\t\t\t<p>Kiedy m\u0142odzie\u017c stoi przed wyborem szko\u0142y \u015bredniej lub kierunku studi\u00f3w<\/p>\t\t\t\t\t\t\t\t<\/div>\n\t\t\t\t<\/div>\n\t\t\t\t\t<\/div>\n\t\t\t\t<\/div>\n\t\t\t\t\t<\/div>\n\t\t\t\t<\/div>\n\t\t<div class=\"elementor-element elementor-element-7e1f522 e-flex e-con-boxed e-con e-parent\" data-id=\"7e1f522\" data-element_type=\"container\">\n\t\t\t\t\t<div class=\"e-con-inner\">\n\t\t\t\t<div class=\"elementor-element elementor-element-f65ff0e elementor-widget-divider--view-line elementor-widget elementor-widget-divider\" data-id=\"f65ff0e\" data-element_type=\"widget\" data-widget_type=\"divider.default\">\n\t\t\t\t<div class=\"elementor-widget-container\">\n\t\t\t\t\t\t\t<div class=\"elementor-divider\">\n\t\t\t<span class=\"elementor-divider-separator\">\n\t\t\t\t\t\t<\/span>\n\t\t<\/div>\n\t\t\t\t\t\t<\/div>\n\t\t\t\t<\/div>\n\t\t<div class=\"elementor-element elementor-element-eb02ce4 e-flex e-con-boxed e-con e-child\" data-id=\"eb02ce4\" data-element_type=\"container\" data-settings=\"{&quot;background_background&quot;:&quot;classic&quot;}\">\n\t\t\t\t\t<div class=\"e-con-inner\">\n\t\t\t\t<div class=\"elementor-element elementor-element-0731397 elementor-widget__width-initial elementor-position-top elementor-widget elementor-widget-image-box\" data-id=\"0731397\" data-element_type=\"widget\" data-widget_type=\"image-box.default\">\n\t\t\t\t<div class=\"elementor-widget-container\">\n\t\t\t\t\t<div class=\"elementor-image-box-wrapper\"><figure class=\"elementor-image-box-img\"><img decoding=\"async\" width=\"180\" height=\"180\" src=\"http:\/\/drogarozwoju.com\/wp-content\/uploads\/2024\/01\/testimonial-avatar-1.webp\" class=\"attachment-full size-full wp-image-78\" alt=\"\" srcset=\"https:\/\/drogarozwoju.com\/wp-content\/uploads\/2024\/01\/testimonial-avatar-1.webp 180w, https:\/\/drogarozwoju.com\/wp-content\/uploads\/2024\/01\/testimonial-avatar-1-150x150.webp 150w\" sizes=\"(max-width: 180px) 100vw, 180px\" \/><\/figure><div class=\"elementor-image-box-content\"><h3 class=\"elementor-image-box-title\">Maciek<\/h3><\/div><\/div>\t\t\t\t<\/div>\n\t\t\t\t<\/div>\n\t\t\t\t<div class=\"elementor-element elementor-element-ffd76c9 elementor-widget elementor-widget-text-editor\" data-id=\"ffd76c9\" data-element_type=\"widget\" data-widget_type=\"text-editor.default\">\n\t\t\t\t<div class=\"elementor-widget-container\">\n\t\t\t\t\t\t\t\t\t<p>Serdecznie dzi\u0119kuje Pani Agnieszce za pomoc. Ogrom pracy i staranno\u015b\u0107 nie maj\u0105 sobie r\u00f3wnych. Polecam!<\/p>\t\t\t\t\t\t\t\t<\/div>\n\t\t\t\t<\/div>\n\t\t\t\t<div class=\"elementor-element elementor-element-f24d543 elementor-widget__width-initial elementor-widget-tablet__width-inherit elementor-view-default elementor-widget elementor-widget-icon\" data-id=\"f24d543\" data-element_type=\"widget\" data-widget_type=\"icon.default\">\n\t\t\t\t<div class=\"elementor-widget-container\">\n\t\t\t\t\t\t\t<div class=\"elementor-icon-wrapper\">\n\t\t\t<div class=\"elementor-icon\">\n\t\t\t<svg aria-hidden=\"true\" class=\"e-font-icon-svg e-fas-quote-right\" viewBox=\"0 0 512 512\" xmlns=\"http:\/\/www.w3.org\/2000\/svg\"><path d=\"M464 32H336c-26.5 0-48 21.5-48 48v128c0 26.5 21.5 48 48 48h80v64c0 35.3-28.7 64-64 64h-8c-13.3 0-24 10.7-24 24v48c0 13.3 10.7 24 24 24h8c88.4 0 160-71.6 160-160V80c0-26.5-21.5-48-48-48zm-288 0H48C21.5 32 0 53.5 0 80v128c0 26.5 21.5 48 48 48h80v64c0 35.3-28.7 64-64 64h-8c-13.3 0-24 10.7-24 24v48c0 13.3 10.7 24 24 24h8c88.4 0 160-71.6 160-160V80c0-26.5-21.5-48-48-48z\"><\/path><\/svg>\t\t\t<\/div>\n\t\t<\/div>\n\t\t\t\t\t\t<\/div>\n\t\t\t\t<\/div>\n\t\t\t\t\t<\/div>\n\t\t\t\t<\/div>\n\t\t\t\t\t<\/div>\n\t\t\t\t<\/div>\n\t\t<div class=\"elementor-element elementor-element-ee08fa7 e-flex e-con-boxed e-con e-parent\" data-id=\"ee08fa7\" data-element_type=\"container\">\n\t\t\t\t\t<div class=\"e-con-inner\">\n\t\t\t\t\t<\/div>\n\t\t\t\t<\/div>\n\t\t\t\t<\/div>\n\t\t","protected":false},"excerpt":{"rendered":"<p>\u201eWszystko wydaje si\u0119 trudne, zanim stanie si\u0119 \u0142atwe.\u201d Odkryj swoj\u0105 drog\u0119 z profesjonalnym wsparciem mentora zawodowego i coacha kariery. Kiedy warto skorzysta\u0107 z coachingu? 1 Kiedy planujesz dokona\u0107 w \u017cyciu osobistym lub zawodowym zmian, ale nie wiesz jeszcze dok\u0142adnie jakich. 2 Wiesz ju\u017c jakie zmiany chcesz wprowadza\u0107, ale nie wiesz, jak si\u0119 za nie zabra\u0107. [&hellip;]<\/p>\n","protected":false},"author":1,"featured_media":0,"parent":0,"menu_order":0,"comment_status":"closed","ping_status":"closed","template":"","meta":{"_gspb_post_css":"","footnotes":""},"class_list":["post-614","page","type-page","status-publish","hentry"],"blocksy_meta":{"has_hero_section":"disabled","vertical_spacing_source":"custom","content_area_spacing":"none","styles_descriptor":{"styles":{"desktop":"","tablet":"","mobile":""},"google_fonts":[],"version":6}},"_links":{"self":[{"href":"https:\/\/drogarozwoju.com\/index.php?rest_route=\/wp\/v2\/pages\/614","targetHints":{"allow":["GET"]}}],"collection":[{"href":"https:\/\/drogarozwoju.com\/index.php?rest_route=\/wp\/v2\/pages"}],"about":[{"href":"https:\/\/drogarozwoju.com\/index.php?rest_route=\/wp\/v2\/types\/page"}],"author":[{"embeddable":true,"href":"https:\/\/drogarozwoju.com\/index.php?rest_route=\/wp\/v2\/users\/1"}],"replies":[{"embeddable":true,"href":"https:\/\/drogarozwoju.com\/index.php?rest_route=%2Fwp%2Fv2%2Fcomments&post=614"}],"version-history":[{"count":73,"href":"https:\/\/drogarozwoju.com\/index.php?rest_route=\/wp\/v2\/pages\/614\/revisions"}],"predecessor-version":[{"id":1812,"href":"https:\/\/drogarozwoju.com\/index.php?rest_route=\/wp\/v2\/pages\/614\/revisions\/1812"}],"wp:attachment":[{"href":"https:\/\/drogarozwoju.com\/index.php?rest_route=%2Fwp%2Fv2%2Fmedia&parent=614"}],"curies":[{"name":"wp","href":"https:\/\/api.w.org\/{rel}","templated":true}]}}