{"id":2,"date":"2025-01-17T19:06:30","date_gmt":"2025-01-17T18:06:30","guid":{"rendered":"http:\/\/drogarozwoju.com\/?page_id=2"},"modified":"2025-03-05T14:35:25","modified_gmt":"2025-03-05T13:35:25","slug":"przykladowa-strona","status":"publish","type":"page","link":"https:\/\/drogarozwoju.com\/?page_id=2","title":{"rendered":"Co to jest coaching?"},"content":{"rendered":"\t\t<div data-elementor-type=\"wp-page\" data-elementor-id=\"2\" class=\"elementor elementor-2\">\n\t\t\t\t<div class=\"elementor-element elementor-element-3ec5410 e-flex e-con-boxed e-con e-parent\" data-id=\"3ec5410\" data-element_type=\"container\">\n\t\t\t\t\t<div class=\"e-con-inner\">\n\t\t<div class=\"elementor-element elementor-element-33d7129 e-con-full e-flex e-con e-child\" data-id=\"33d7129\" data-element_type=\"container\">\n\t\t\t\t<div class=\"elementor-element elementor-element-8b3e2e8 elementor-widget elementor-widget-image\" data-id=\"8b3e2e8\" data-element_type=\"widget\" data-widget_type=\"image.default\">\n\t\t\t\t<div class=\"elementor-widget-container\">\n\t\t\t\t\t\t\t\t\t\t\t\t\t\t\t<img fetchpriority=\"high\" decoding=\"async\" width=\"768\" height=\"512\" src=\"https:\/\/drogarozwoju.com\/wp-content\/uploads\/2025\/03\/Projekt-bez-nazwy-42-768x512.png\" class=\"attachment-medium_large size-medium_large wp-image-1792\" alt=\"\" srcset=\"https:\/\/drogarozwoju.com\/wp-content\/uploads\/2025\/03\/Projekt-bez-nazwy-42-768x512.png 768w, https:\/\/drogarozwoju.com\/wp-content\/uploads\/2025\/03\/Projekt-bez-nazwy-42-300x200.png 300w, https:\/\/drogarozwoju.com\/wp-content\/uploads\/2025\/03\/Projekt-bez-nazwy-42-1024x683.png 1024w, https:\/\/drogarozwoju.com\/wp-content\/uploads\/2025\/03\/Projekt-bez-nazwy-42.png 1500w\" sizes=\"(max-width: 768px) 100vw, 768px\" \/>\t\t\t\t\t\t\t\t\t\t\t\t\t\t\t<\/div>\n\t\t\t\t<\/div>\n\t\t\t\t<\/div>\n\t\t<div class=\"elementor-element elementor-element-e3db13d e-con-full e-flex e-con e-child\" data-id=\"e3db13d\" data-element_type=\"container\">\n\t\t\t\t<div class=\"elementor-element elementor-element-b4b3743 elementor-widget elementor-widget-text-editor\" data-id=\"b4b3743\" data-element_type=\"widget\" data-widget_type=\"text-editor.default\">\n\t\t\t\t<div class=\"elementor-widget-container\">\n\t\t\t\t\t\t\t\t\t<p>\u00a0<\/p><p>Nazywam si\u0119 Agnieszka Kopi\u0144ska i od ponad dw\u00f3ch dekad towarzysz\u0119 ludziom w ich rozwoju \u2013 zar\u00f3wno zawodowym, jak i osobistym. Coaching? To dla mnie przede wszystkim\u00a0<strong>podr\u00f3\u017c w g\u0142\u0105b siebie<\/strong>, kt\u00f3rej celem jest odkrycie potencja\u0142u, jaki nosi w sobie ka\u017cdy z nas. To proces, w kt\u00f3rym jestem Twoim przewodnikiem, ale to Ty trzymasz map\u0119. Moja rola polega na zadawaniu odpowiednich pyta\u0144, s\u0142uchaniu bez oceniania i tworzeniu przestrzeni, w kt\u00f3rej mo\u017cesz bezpiecznie eksperymentowa\u0107 z nowymi pomys\u0142ami, warto\u015bciami czy rozwi\u0105zaniami.<\/p><p>Co dla mnie jest najwa\u017cniejsze w coachingu? <strong>Twoja autonomia<\/strong>. Nie narzucam rozwi\u0105za\u0144, ale pomagam Ci us\u0142ysze\u0107 w\u0142asny g\u0142os \u2013 ten, kt\u00f3ry czasem ginie w codziennym szumie. Czy to w zarz\u0105dzaniu zespo\u0142em, zmianie \u015bcie\u017cki kariery, czy w poszukiwaniu r\u00f3wnowagi mi\u0119dzy \u017cyciem zawodowym a rodzinnym \u2013 wsp\u00f3lnie szukamy tego, co dla Ciebie naprawd\u0119 istotne.<\/p>\t\t\t\t\t\t\t\t<\/div>\n\t\t\t\t<\/div>\n\t\t\t\t<\/div>\n\t\t<div class=\"elementor-element elementor-element-d59da80 e-con-full e-flex e-con e-child\" data-id=\"d59da80\" data-element_type=\"container\">\n\t\t\t\t<div class=\"elementor-element elementor-element-2a9c61d elementor-widget elementor-widget-text-editor\" data-id=\"2a9c61d\" data-element_type=\"widget\" data-widget_type=\"text-editor.default\">\n\t\t\t\t<div class=\"elementor-widget-container\">\n\t\t\t\t\t\t\t\t\t<p>\u00a0<\/p>\n<p>A skoro jestem mam\u0105 dw\u00f3jki nastolatk\u00f3w\u2026 wiem te\u017c, jak trudno czasem\u00a0<strong>znale\u017a\u0107 wsp\u00f3lny j\u0119zyk<\/strong>\u00a0mi\u0119dzy generacjami, jak wa\u017cne jest s\u0142uchanie bez narzucania gotowych schemat\u00f3w. Ta perspektywa pomaga mi lepiej rozumie\u0107 m\u0142odych ludzi, kt\u00f3rzy stoj\u0105 przed wyborem swojej drogi, ale te\u017c rodzic\u00f3w, pragn\u0105cych m\u0105drze towarzyszy\u0107 dzieciom.<\/p>\n<p>Zapraszam Ci\u0119 na \u201eDrog\u0119 Rozwoju\u201d \u2013 nawet je\u015bli na pocz\u0105tku nie widzisz celu. Czasem wystarczy kilka kamieni milowych, by dostrzec nowe mo\u017cliwo\u015bci. A ja jestem po to, by towarzyszy\u0107 Ci z latark\u0105, gdy zechcesz zajrze\u0107 w nieznane zakamarki swojej mapy. \ud83c\udf3f<\/p>\t\t\t\t\t\t\t\t<\/div>\n\t\t\t\t<\/div>\n\t\t\t\t<\/div>\n\t\t<div class=\"elementor-element elementor-element-1bd2e25 e-con-full e-flex e-con e-child\" data-id=\"1bd2e25\" data-element_type=\"container\">\n\t\t\t\t<div class=\"elementor-element elementor-element-75a0f3c elementor-widget elementor-widget-image\" data-id=\"75a0f3c\" data-element_type=\"widget\" data-widget_type=\"image.default\">\n\t\t\t\t<div class=\"elementor-widget-container\">\n\t\t\t\t\t\t\t\t\t\t\t\t\t\t\t<img decoding=\"async\" width=\"768\" height=\"512\" src=\"https:\/\/drogarozwoju.com\/wp-content\/uploads\/2025\/03\/Projekt-bez-nazwy-43-768x512.png\" class=\"attachment-medium_large size-medium_large wp-image-1800\" alt=\"\" srcset=\"https:\/\/drogarozwoju.com\/wp-content\/uploads\/2025\/03\/Projekt-bez-nazwy-43-768x512.png 768w, https:\/\/drogarozwoju.com\/wp-content\/uploads\/2025\/03\/Projekt-bez-nazwy-43-300x200.png 300w, https:\/\/drogarozwoju.com\/wp-content\/uploads\/2025\/03\/Projekt-bez-nazwy-43-1024x683.png 1024w, https:\/\/drogarozwoju.com\/wp-content\/uploads\/2025\/03\/Projekt-bez-nazwy-43.png 1500w\" sizes=\"(max-width: 768px) 100vw, 768px\" \/>\t\t\t\t\t\t\t\t\t\t\t\t\t\t\t<\/div>\n\t\t\t\t<\/div>\n\t\t\t\t<\/div>\n\t\t\t\t\t<\/div>\n\t\t\t\t<\/div>\n\t\t\t\t<\/div>\n\t\t","protected":false},"excerpt":{"rendered":"<p>\u00a0 Nazywam si\u0119 Agnieszka Kopi\u0144ska i od ponad dw\u00f3ch dekad towarzysz\u0119 ludziom w ich rozwoju \u2013 zar\u00f3wno zawodowym, jak i osobistym. Coaching? To dla mnie przede wszystkim\u00a0podr\u00f3\u017c w g\u0142\u0105b siebie, kt\u00f3rej celem jest odkrycie potencja\u0142u, jaki nosi w sobie ka\u017cdy z nas. To proces, w kt\u00f3rym jestem Twoim przewodnikiem, ale to Ty trzymasz map\u0119. Moja [&hellip;]<\/p>\n","protected":false},"author":1,"featured_media":0,"parent":0,"menu_order":0,"comment_status":"closed","ping_status":"open","template":"","meta":{"_gspb_post_css":"","footnotes":""},"class_list":["post-2","page","type-page","status-publish","hentry"],"blocksy_meta":[],"_links":{"self":[{"href":"https:\/\/drogarozwoju.com\/index.php?rest_route=\/wp\/v2\/pages\/2","targetHints":{"allow":["GET"]}}],"collection":[{"href":"https:\/\/drogarozwoju.com\/index.php?rest_route=\/wp\/v2\/pages"}],"about":[{"href":"https:\/\/drogarozwoju.com\/index.php?rest_route=\/wp\/v2\/types\/page"}],"author":[{"embeddable":true,"href":"https:\/\/drogarozwoju.com\/index.php?rest_route=\/wp\/v2\/users\/1"}],"replies":[{"embeddable":true,"href":"https:\/\/drogarozwoju.com\/index.php?rest_route=%2Fwp%2Fv2%2Fcomments&post=2"}],"version-history":[{"count":16,"href":"https:\/\/drogarozwoju.com\/index.php?rest_route=\/wp\/v2\/pages\/2\/revisions"}],"predecessor-version":[{"id":1803,"href":"https:\/\/drogarozwoju.com\/index.php?rest_route=\/wp\/v2\/pages\/2\/revisions\/1803"}],"wp:attachment":[{"href":"https:\/\/drogarozwoju.com\/index.php?rest_route=%2Fwp%2Fv2%2Fmedia&parent=2"}],"curies":[{"name":"wp","href":"https:\/\/api.w.org\/{rel}","templated":true}]}}